{"id":1199,"date":"2023-10-11T05:46:16","date_gmt":"2023-10-11T03:46:16","guid":{"rendered":"https:\/\/www.survi.fr\/legal-notice\/"},"modified":"2024-10-04T16:49:11","modified_gmt":"2024-10-04T14:49:11","slug":"legal-notice","status":"publish","type":"page","link":"https:\/\/www.survi.fr\/en\/legal-notice\/","title":{"rendered":"Legal notice"},"content":{"rendered":"\n<h2 class=\"wp-block-heading\">Publisher<\/h2>\n\n<p>The website <a href=\"http:\/\/www.survi.fr\/en\">www.survi.fr<\/a> is published by the Structure of Intestinal Vascular Emergencies (Structure d\u2019URgences Vasculaires Intestinales &#8211; SURVI), located at the following address:<\/p>\n\n<ul class=\"wp-block-list\">\n<li>APHP \u2013 Beaujon Hospital<\/li>\n\n\n\n<li>100, boulevard du G\u00e9n\u00e9ral Leclerc<\/li>\n\n\n\n<li>92118 Clichy cedex<\/li>\n<\/ul>\n\n<p>Publication Director: Olivier CORCOS<\/p>\n\n<h2 class=\"wp-block-heading\">Creation and Hosting<\/h2>\n\n<p>The website was created by the company Anamorphik Studio S.A.R.L, represented by Mr. Vincent Dhy\u00e8vre, with its registered office at 165 Avenue Andr\u00e9 Malraux &#8211; 54600 Villers-L\u00e8s-Nancy. <\/p>\n\n<ul class=\"wp-block-list\">\n<li>RCS NANCY B 420 055 550<\/li>\n\n\n\n<li>SIRET 420 055 550 00040<\/li>\n\n\n\n<li>Phone: +33 (0) 3 83 36 40 59<\/li>\n\n\n\n<li><a href=\"https:\/\/anamorphik.com\/\" target=\"_blank\" data-type=\"link\" data-id=\"https:\/\/anamorphik.com\/\" rel=\"noreferrer noopener\">www.anamorphik.com<\/a><\/li>\n<\/ul>\n\n<p>The website is hosted and managed by Anamorphik.<\/p>\n\n<h2 class=\"wp-block-heading\">Intellectual Property<\/h2>\n\n<p>All elements appearing on the website www.survi.fr are protected by the provisions of the Intellectual Property Code. <\/p>\n\n<p>Consequently, any reproduction, in whole or in part, or imitation, without our express, prior, and written consent, is prohibited. <\/p>\n\n<p>It is strictly forbidden to collect and use the information available on the website for commercial purposes.<\/p>\n\n<p>This prohibition extends, in particular, without limitation, to any editorial content appearing on the website, the screen layout, the software necessary for operation, and any logos, images, photos, or graphics.<\/p>\n\n<h2 class=\"wp-block-heading\">Privacy Policy<\/h2>\n\n<h3 class=\"wp-block-heading\">Purpose of Processing (Purpose and Legal Basis)<\/h3>\n\n<p>SURVI processes your personal data when:<\/p>\n\n<ul class=\"wp-block-list\">\n<li>Making a contact request via the contact form<\/li>\n\n\n\n<li>Creating a healthcare professional account or an internal account<\/li>\n<\/ul>\n\n<p>The legal basis for processing is legitimate interest (cf. Article 6.1.f) of the European Regulation on Data Protection.<\/p>\n\n<h3 class=\"wp-block-heading\">Data Recorded on SURVI Registrants<\/h3>\n\n<p>The following information is collected:<\/p>\n\n<div class=\"wp-block-columns is-layout-flex wp-container-core-columns-is-layout-28f84493 wp-block-columns-is-layout-flex\">\n<div class=\"wp-block-column is-layout-flow wp-block-column-is-layout-flow\">\n<ul class=\"wp-block-list\">\n<li>Title<\/li>\n\n\n\n<li>Last name<\/li>\n\n\n\n<li>First name<\/li>\n\n\n\n<li>Specialty<\/li>\n<\/ul>\n<\/div>\n\n\n\n<div class=\"wp-block-column is-layout-flow wp-block-column-is-layout-flow\">\n<ul class=\"wp-block-list\">\n<li>Mode of practice<\/li>\n\n\n\n<li>Email address<\/li>\n\n\n\n<li>City<\/li>\n\n\n\n<li>Country<\/li>\n<\/ul>\n<\/div>\n<\/div>\n\n<h3 class=\"wp-block-heading\">Data recipients<\/h3>\n\n<p>They are intended for SURVI and, if applicable, its service providers.<\/p>\n\n<h3 class=\"wp-block-heading\">Data Retention Period<\/h3>\n\n<p>They are kept:<\/p>\n\n<ul class=\"wp-block-list\">\n<li>For contact requests: until the request is processed<\/li>\n\n\n\n<li>For the management of healthcare professional accounts and internal accounts: until the professional&#8217;s request for deletion<\/li>\n<\/ul>\n\n<h3 class=\"wp-block-heading\">Rights of Individuals<\/h3>\n\n<p>You can access your data or request their deletion. You also have the right to object, the right to rectification, and the right to restrict the processing of your data (see cnil.fr for more information on your rights).<\/p>\n\n<p>To exercise these rights or for any questions about the processing of your data in this system, you can contact SURVI by email (olivier.corcos@survi.fr), providing your last name, first name, address, and attaching a copy of both sides of your ID card.<\/p>\n\n<p>If you believe, after contacting us, that your Information and Freedom rights are not respected or that the access control system does not comply with data protection rules, you can submit a complaint online to the CNIL or by postal mail.<\/p>\n\n<h2 class=\"wp-block-heading\">Cookies and Trackers<\/h2>\n\n<p>The user is informed that during their visits to the website, a cookie may be automatically installed and temporarily stored in memory or on their hard drive. A cookie is an element that does not allow the user to be identified but is used to record information about their navigation on the website.<\/p>\n\n<p>Only cookies of legitimate interest are automatically installed.<\/p>\n\n<h3 class=\"wp-block-heading\">What Are Cookies Used For?<\/h3>\n\n<p>Cookies serve different functions. They can allow the website that deposited them to recognize an internet user from one visit to another, thanks to a unique identifier.<\/p>\n\n<p>Some cookies can also be used to store the contents of a shopping cart, others to save the language settings of a website, and others for targeted advertising.<\/p>\n\n<h3 class=\"wp-block-heading\">How to Block and Delete Cookies?<\/h3>\n\n<p>Please note that restricting or blocking cookies on a website can result in the loss of functionality or unavailable services.<\/p>\n\n<p>Nevertheless, web browsers can be configured in different ways to manage cookies, reject them, or delete them at the end of the browsing session. We invite you to consult the help files of your browser for more information.<\/p>\n","protected":false},"excerpt":{"rendered":"<p>Publisher The website www.survi.fr is published by the Structure of Intestinal Vascular Emergencies (Structure d\u2019URgences Vasculaires Intestinales &#8211; SURVI), located at the following address: Publication Director: Olivier CORCOS Creation and Hosting The website was created by the company Anamorphik Studio S.A.R.L, represented by Mr. Vincent Dhy\u00e8vre, with its registered office at 165 Avenue Andr\u00e9 Malraux [&hellip;]<\/p>\n","protected":false},"author":2,"featured_media":0,"parent":0,"menu_order":0,"comment_status":"closed","ping_status":"closed","template":"","meta":{"_acf_changed":false,"inline_featured_image":false,"footnotes":""},"class_list":["post-1199","page","type-page","status-publish","hentry"],"acf":[],"_links":{"self":[{"href":"https:\/\/www.survi.fr\/en\/wp-json\/wp\/v2\/pages\/1199","targetHints":{"allow":["GET"]}}],"collection":[{"href":"https:\/\/www.survi.fr\/en\/wp-json\/wp\/v2\/pages"}],"about":[{"href":"https:\/\/www.survi.fr\/en\/wp-json\/wp\/v2\/types\/page"}],"author":[{"embeddable":true,"href":"https:\/\/www.survi.fr\/en\/wp-json\/wp\/v2\/users\/2"}],"replies":[{"embeddable":true,"href":"https:\/\/www.survi.fr\/en\/wp-json\/wp\/v2\/comments?post=1199"}],"version-history":[{"count":0,"href":"https:\/\/www.survi.fr\/en\/wp-json\/wp\/v2\/pages\/1199\/revisions"}],"wp:attachment":[{"href":"https:\/\/www.survi.fr\/en\/wp-json\/wp\/v2\/media?parent=1199"}],"curies":[{"name":"wp","href":"https:\/\/api.w.org\/{rel}","templated":true}]}}